{"id":1342,"date":"2021-04-21T15:22:35","date_gmt":"2021-04-21T15:22:35","guid":{"rendered":"http:\/\/esperidi.it\/umweltfreundlicher\/"},"modified":"2025-03-10T11:53:24","modified_gmt":"2025-03-10T11:53:24","slug":"nachhaltiges-camping-livorno-toskana","status":"publish","type":"page","link":"https:\/\/www.esperidi.it\/de\/nachhaltiges-camping-livorno-toskana\/","title":{"rendered":"UMWELTFREUNDLICHER"},"content":{"rendered":"<section class=\"l-section wpb_row height_small with_img\"><div class=\"l-section-img\" style=\"background-image: url(https:\/\/www.esperidi.it\/wp-content\/uploads\/2020\/10\/le-esperidi-camping-village-marina-di-bibbona-toscana-01.jpg);background-repeat: no-repeat;\" data-img-width=\"1800\" data-img-height=\"696\"><\/div><div class=\"l-section-h i-cf\"><div class=\"g-cols vc_row type_default valign_middle\"><div class=\"vc_col-sm-3 wpb_column vc_column_container\"><div class=\"vc_column-inner\"><div class=\"wpb_wrapper\"><div class=\"ult-spacer spacer-69e071f484912\" data-id=\"69e071f484912\" data-height=\"400\" data-height-mobile=\"400\" data-height-tab=\"400\" data-height-tab-portrait=\"\" data-height-mobile-landscape=\"\" style=\"clear:both;display:block;\"><\/div><\/div><\/div><\/div><div class=\"vc_col-sm-6 wpb_column vc_column_container\"><div class=\"vc_column-inner\"><div class=\"wpb_wrapper\"><\/div><\/div><\/div><div class=\"vc_col-sm-3 wpb_column vc_column_container\"><div class=\"vc_column-inner\"><div class=\"wpb_wrapper\"><\/div><\/div><\/div><\/div><\/div><\/section><section class=\"l-section wpb_row us_custom_c70c97eb height_auto\"><div class=\"l-section-h i-cf\"><div class=\"g-cols vc_row type_default valign_top\"><div class=\"vc_col-sm-12 wpb_column vc_column_container\"><div class=\"vc_column-inner\"><div class=\"wpb_wrapper\"><div class=\"ult-spacer spacer-69e071f484f01\" data-id=\"69e071f484f01\" data-height=\"20\" data-height-mobile=\"20\" data-height-tab=\"20\" data-height-tab-portrait=\"20\" data-height-mobile-landscape=\"20\" style=\"clear:both;display:block;\"><\/div>[vc_custom_heading text=&#8221;UMWELTFREUNDLICHER&#8221; font_container=&#8221;tag:h1|text_align:center&#8221; use_theme_fonts=&#8221;yes&#8221; css=&#8221;%7B%22default%22%3A%7B%22color%22%3A%22_header_middle_text%22%2C%22font-weight%22%3A%22700%22%2C%22font-size%22%3A%223.0rem%22%7D%2C%22tablets%22%3A%7B%22color%22%3A%22_header_middle_text%22%7D%2C%22mobiles%22%3A%7B%22color%22%3A%22_header_middle_text%22%2C%22font-size%22%3A%221.7rem%22%7D%7D&#8221;]<div class=\"wpb_text_column us_custom_e1540bc5 has_text_color\" ><div class=\"wpb_wrapper\"><h3 style=\"text-align: center;\"><span style=\"color: #333333;\">Camping Village <\/span><span style=\"color: #f0882b;\">Le Esperidi<\/span><\/h3>\n<\/div><\/div><\/div><\/div><\/div><\/div><\/div><\/section><section class=\"l-section wpb_row height_medium\"><div class=\"l-section-h i-cf\"><div class=\"g-cols vc_row type_default valign_top\"><div class=\"vc_col-sm-6 wpb_column vc_column_container\"><div class=\"vc_column-inner type_sticky\"><div class=\"wpb_wrapper\"><div class=\"wpb_text_column us_custom_4e55af8d has_text_color\" ><div class=\"wpb_wrapper\"><h2 style=\"text-align: left;\"><strong>EIN UMWELTBEWUSSTER CAMPINGPLATZ<\/strong><\/h2>\n<\/div><\/div><div class=\"wpb_text_column\" ><div class=\"wpb_wrapper\"><p>Die hohe Qualit\u00e4t unserer Umweltpolitik beweist unser konstantes Engagement und ist das Ergebnis kontinuierlicher Modernisierungen, die dazu gef\u00fchrt haben, dass unser Camping Village Le Esperidi als <strong>einziges touristisches Unternehmen in der Toskana das EU Ecolabel f\u00fcr Umweltschutz<\/strong> besitzt.<\/p>\n<p>Inmitten des Pinienwaldes gelegen, hat der Camping Village Le Esperidi von jeher der \u00dcppigkeit und Sch\u00f6nheit der Natur besondere Aufmerksamkeit geschenkt. Es ist genau diese wertvolle Ressource, die den Rahmen f\u00fcr Ihren Urlaub bildet und Momente absoluten Wohlbefindens schenkt.<\/p>\n<p>Mit verantwortungsbewusstem Verhalten und stetiger Bem\u00fchung die Umwelt zu schonen, hat sich der Camping Village Le Esperidi das Ziel gesetzt, die Natur sowohl heute als auch morgen m\u00f6glichst unber\u00fchrt zu lassen.<\/p>\n<p>Auf diesem Grund nutzen wir <strong>nachhaltige\u00a0<\/strong><a href=\"https:\/\/de.pons.com\/%C3%BCbersetzung\/deutsch-italienisch\/Energiequellen\"><strong>Energiequellen<\/strong><\/a>, bem\u00fchen uns darum den Wasserverbrauch zu reduzieren, vermeiden Gesundheit- und umweltsch\u00e4dliche Produkte und praktizieren M\u00fclltrennung. Der Gebrauch 100% sauberer Energie ist nicht nur eine ethische Wahl, sondern ein konkreter Beitrag zum Umweltschutz.<\/p>\n<p>Der Wille zur stetigen Verbesserung hat uns dazu gebracht, als eine der ersten Einrichtungen das System BIFIPRO zu installieren. Diese innovative Technologie erm\u00f6glicht die Wasseraufbereitung\u00a0<strong>ohne den Einsatz von chemischen Produkten und ohne die Verschwendung von nat\u00fcrlichen Ressourcen.<\/strong><\/p>\n<\/div><\/div><\/div><\/div><\/div><div class=\"vc_col-sm-6 wpb_column vc_column_container\"><div class=\"vc_column-inner\"><div class=\"wpb_wrapper\"><div class=\"w-grid type_masonry layout_gallery_default cols_2 with_isotope\" id=\"us_grid_1\" data-grid-filter=\"true\"><style id=\"us_grid_1_css\">#us_grid_1 .w-grid-item{padding:0.8rem}#us_grid_1 .w-grid-list{margin:-0.8rem}.w-grid + #us_grid_1 .w-grid-list{margin-top:0.8rem}<\/style><style>.layout_gallery_default .w-grid-item-h{}<\/style><div class=\"w-grid-list\" ><article class=\"w-grid-item post-3875 attachment type-attachment status-inherit hentry\" data-id=\"3875\">\r\n\t<div class=\"w-grid-item-h\">\r\n\t\t\t\t\t<a class=\"w-grid-item-anchor\" href=\"https:\/\/www.esperidi.it\/wp-content\/uploads\/2022\/10\/ecosostenibilita\u0300-bagnicentrali.jpg\" ref=\"magnificPopupGrid\" title=\"ecosostenibilita\u0300-bagnicentrali\"><\/a>\r\n\t\t\t\t<div class=\"w-post-elm post_image usg_post_image_1 stretched\"><img loading=\"lazy\" decoding=\"async\" width=\"2048\" height=\"1365\" src=\"https:\/\/www.esperidi.it\/wp-content\/uploads\/2022\/10\/ecosostenibilita\u0300-bagnicentrali.jpg\" class=\"attachment-us_600_600_crop size-us_600_600_crop\" alt=\"\" srcset=\"https:\/\/www.esperidi.it\/wp-content\/uploads\/2022\/10\/ecosostenibilita\u0300-bagnicentrali.jpg 2048w, https:\/\/www.esperidi.it\/wp-content\/uploads\/2022\/10\/ecosostenibilita\u0300-bagnicentrali-300x200.jpg 300w, https:\/\/www.esperidi.it\/wp-content\/uploads\/2022\/10\/ecosostenibilita\u0300-bagnicentrali-1024x683.jpg 1024w, https:\/\/www.esperidi.it\/wp-content\/uploads\/2022\/10\/ecosostenibilita\u0300-bagnicentrali-100x67.jpg 100w\" sizes=\"auto, (max-width: 2048px) 100vw, 2048px\" \/><\/div>\t<\/div>\r\n<\/article>\r\n<article class=\"w-grid-item post-3874 attachment type-attachment status-inherit hentry\" data-id=\"3874\">\r\n\t<div class=\"w-grid-item-h\">\r\n\t\t\t\t\t<a class=\"w-grid-item-anchor\" href=\"https:\/\/www.esperidi.it\/wp-content\/uploads\/2022\/10\/ecosostenibilita\u0300-bagnicentrali-panellisolari.jpg\" ref=\"magnificPopupGrid\" title=\"ecosostenibilita\u0300-bagnicentrali-panellisolari\"><\/a>\r\n\t\t\t\t<div class=\"w-post-elm post_image usg_post_image_1 stretched\"><img loading=\"lazy\" decoding=\"async\" width=\"2048\" height=\"1365\" src=\"https:\/\/www.esperidi.it\/wp-content\/uploads\/2022\/10\/ecosostenibilita\u0300-bagnicentrali-panellisolari.jpg\" class=\"attachment-us_600_600_crop size-us_600_600_crop\" alt=\"\" srcset=\"https:\/\/www.esperidi.it\/wp-content\/uploads\/2022\/10\/ecosostenibilita\u0300-bagnicentrali-panellisolari.jpg 2048w, https:\/\/www.esperidi.it\/wp-content\/uploads\/2022\/10\/ecosostenibilita\u0300-bagnicentrali-panellisolari-300x200.jpg 300w, https:\/\/www.esperidi.it\/wp-content\/uploads\/2022\/10\/ecosostenibilita\u0300-bagnicentrali-panellisolari-1024x683.jpg 1024w, https:\/\/www.esperidi.it\/wp-content\/uploads\/2022\/10\/ecosostenibilita\u0300-bagnicentrali-panellisolari-100x67.jpg 100w\" sizes=\"auto, (max-width: 2048px) 100vw, 2048px\" \/><\/div>\t<\/div>\r\n<\/article>\r\n<article class=\"w-grid-item post-3878 attachment type-attachment status-inherit hentry\" data-id=\"3878\">\r\n\t<div class=\"w-grid-item-h\">\r\n\t\t\t\t\t<a class=\"w-grid-item-anchor\" href=\"https:\/\/www.esperidi.it\/wp-content\/uploads\/2022\/10\/ecosostenibilita\u0300-piazza.jpg\" ref=\"magnificPopupGrid\" title=\"ecosostenibilita\u0300-piazza\"><\/a>\r\n\t\t\t\t<div class=\"w-post-elm post_image usg_post_image_1 stretched\"><img loading=\"lazy\" decoding=\"async\" width=\"2048\" height=\"1365\" src=\"https:\/\/www.esperidi.it\/wp-content\/uploads\/2022\/10\/ecosostenibilita\u0300-piazza.jpg\" class=\"attachment-us_600_600_crop size-us_600_600_crop\" alt=\"\" srcset=\"https:\/\/www.esperidi.it\/wp-content\/uploads\/2022\/10\/ecosostenibilita\u0300-piazza.jpg 2048w, https:\/\/www.esperidi.it\/wp-content\/uploads\/2022\/10\/ecosostenibilita\u0300-piazza-300x200.jpg 300w, https:\/\/www.esperidi.it\/wp-content\/uploads\/2022\/10\/ecosostenibilita\u0300-piazza-1024x683.jpg 1024w, https:\/\/www.esperidi.it\/wp-content\/uploads\/2022\/10\/ecosostenibilita\u0300-piazza-100x67.jpg 100w\" sizes=\"auto, (max-width: 2048px) 100vw, 2048px\" \/><\/div>\t<\/div>\r\n<\/article>\r\n<article class=\"w-grid-item post-3879 attachment type-attachment status-inherit hentry\" data-id=\"3879\">\r\n\t<div class=\"w-grid-item-h\">\r\n\t\t\t\t\t<a class=\"w-grid-item-anchor\" href=\"https:\/\/www.esperidi.it\/wp-content\/uploads\/2022\/10\/ecosostenibilita\u0300-bagnipoggetto-panellisolari.jpg\" ref=\"magnificPopupGrid\" title=\"ecosostenibilita\u0300-bagnipoggetto-panellisolari\"><\/a>\r\n\t\t\t\t<div class=\"w-post-elm post_image usg_post_image_1 stretched\"><img loading=\"lazy\" decoding=\"async\" width=\"2048\" height=\"1365\" src=\"https:\/\/www.esperidi.it\/wp-content\/uploads\/2022\/10\/ecosostenibilita\u0300-bagnipoggetto-panellisolari.jpg\" class=\"attachment-us_600_600_crop size-us_600_600_crop\" alt=\"\" srcset=\"https:\/\/www.esperidi.it\/wp-content\/uploads\/2022\/10\/ecosostenibilita\u0300-bagnipoggetto-panellisolari.jpg 2048w, https:\/\/www.esperidi.it\/wp-content\/uploads\/2022\/10\/ecosostenibilita\u0300-bagnipoggetto-panellisolari-300x200.jpg 300w, https:\/\/www.esperidi.it\/wp-content\/uploads\/2022\/10\/ecosostenibilita\u0300-bagnipoggetto-panellisolari-1024x683.jpg 1024w, https:\/\/www.esperidi.it\/wp-content\/uploads\/2022\/10\/ecosostenibilita\u0300-bagnipoggetto-panellisolari-100x67.jpg 100w\" sizes=\"auto, (max-width: 2048px) 100vw, 2048px\" \/><\/div>\t<\/div>\r\n<\/article>\r\n<article class=\"w-grid-item post-3876 attachment type-attachment status-inherit hentry\" data-id=\"3876\">\r\n\t<div class=\"w-grid-item-h\">\r\n\t\t\t\t\t<a class=\"w-grid-item-anchor\" href=\"https:\/\/www.esperidi.it\/wp-content\/uploads\/2022\/10\/ecosostenibilita\u0300-dati-fotovoltaico.jpg\" ref=\"magnificPopupGrid\" title=\"ecosostenibilita\u0300-dati-fotovoltaico\"><\/a>\r\n\t\t\t\t<div class=\"w-post-elm post_image usg_post_image_1 stretched\"><img loading=\"lazy\" decoding=\"async\" width=\"2048\" height=\"1365\" src=\"https:\/\/www.esperidi.it\/wp-content\/uploads\/2022\/10\/ecosostenibilita\u0300-dati-fotovoltaico.jpg\" class=\"attachment-us_600_600_crop size-us_600_600_crop\" alt=\"\" srcset=\"https:\/\/www.esperidi.it\/wp-content\/uploads\/2022\/10\/ecosostenibilita\u0300-dati-fotovoltaico.jpg 2048w, https:\/\/www.esperidi.it\/wp-content\/uploads\/2022\/10\/ecosostenibilita\u0300-dati-fotovoltaico-300x200.jpg 300w, https:\/\/www.esperidi.it\/wp-content\/uploads\/2022\/10\/ecosostenibilita\u0300-dati-fotovoltaico-1024x683.jpg 1024w, https:\/\/www.esperidi.it\/wp-content\/uploads\/2022\/10\/ecosostenibilita\u0300-dati-fotovoltaico-100x67.jpg 100w\" sizes=\"auto, (max-width: 2048px) 100vw, 2048px\" \/><\/div>\t<\/div>\r\n<\/article>\r\n<article class=\"w-grid-item post-3925 attachment type-attachment status-inherit hentry\" data-id=\"3925\">\r\n\t<div class=\"w-grid-item-h\">\r\n\t\t\t\t\t<a class=\"w-grid-item-anchor\" href=\"https:\/\/www.esperidi.it\/wp-content\/uploads\/2022\/10\/enelx.jpg\" ref=\"magnificPopupGrid\" title=\"enelx\"><\/a>\r\n\t\t\t\t<div class=\"w-post-elm post_image usg_post_image_1 stretched\"><img loading=\"lazy\" decoding=\"async\" width=\"2048\" height=\"1365\" src=\"https:\/\/www.esperidi.it\/wp-content\/uploads\/2022\/10\/enelx.jpg\" class=\"attachment-us_600_600_crop size-us_600_600_crop\" alt=\"\" srcset=\"https:\/\/www.esperidi.it\/wp-content\/uploads\/2022\/10\/enelx.jpg 2048w, https:\/\/www.esperidi.it\/wp-content\/uploads\/2022\/10\/enelx-300x200.jpg 300w, https:\/\/www.esperidi.it\/wp-content\/uploads\/2022\/10\/enelx-1024x683.jpg 1024w, https:\/\/www.esperidi.it\/wp-content\/uploads\/2022\/10\/enelx-100x67.jpg 100w\" sizes=\"auto, (max-width: 2048px) 100vw, 2048px\" \/><\/div>\t<\/div>\r\n<\/article>\r\n<article class=\"w-grid-item post-3926 attachment type-attachment status-inherit hentry\" data-id=\"3926\">\r\n\t<div class=\"w-grid-item-h\">\r\n\t\t\t\t\t<a class=\"w-grid-item-anchor\" href=\"https:\/\/www.esperidi.it\/wp-content\/uploads\/2022\/10\/isoleecologiche.jpg\" ref=\"magnificPopupGrid\" title=\"isoleecologiche\"><\/a>\r\n\t\t\t\t<div class=\"w-post-elm post_image usg_post_image_1 stretched\"><img loading=\"lazy\" decoding=\"async\" width=\"2048\" height=\"1365\" src=\"https:\/\/www.esperidi.it\/wp-content\/uploads\/2022\/10\/isoleecologiche.jpg\" class=\"attachment-us_600_600_crop size-us_600_600_crop\" alt=\"\" srcset=\"https:\/\/www.esperidi.it\/wp-content\/uploads\/2022\/10\/isoleecologiche.jpg 2048w, https:\/\/www.esperidi.it\/wp-content\/uploads\/2022\/10\/isoleecologiche-300x200.jpg 300w, https:\/\/www.esperidi.it\/wp-content\/uploads\/2022\/10\/isoleecologiche-1024x683.jpg 1024w, https:\/\/www.esperidi.it\/wp-content\/uploads\/2022\/10\/isoleecologiche-100x67.jpg 100w\" sizes=\"auto, (max-width: 2048px) 100vw, 2048px\" \/><\/div>\t<\/div>\r\n<\/article>\r\n<article class=\"w-grid-item post-3928 attachment type-attachment status-inherit hentry\" data-id=\"3928\">\r\n\t<div class=\"w-grid-item-h\">\r\n\t\t\t\t\t<a class=\"w-grid-item-anchor\" href=\"https:\/\/www.esperidi.it\/wp-content\/uploads\/2022\/10\/ecolabel2022.jpg\" ref=\"magnificPopupGrid\" title=\"ecolabel2022\"><\/a>\r\n\t\t\t\t<div class=\"w-post-elm post_image usg_post_image_1 stretched\"><img loading=\"lazy\" decoding=\"async\" width=\"2048\" height=\"1365\" src=\"https:\/\/www.esperidi.it\/wp-content\/uploads\/2022\/10\/ecolabel2022.jpg\" class=\"attachment-us_600_600_crop size-us_600_600_crop\" alt=\"\" srcset=\"https:\/\/www.esperidi.it\/wp-content\/uploads\/2022\/10\/ecolabel2022.jpg 2048w, https:\/\/www.esperidi.it\/wp-content\/uploads\/2022\/10\/ecolabel2022-300x200.jpg 300w, https:\/\/www.esperidi.it\/wp-content\/uploads\/2022\/10\/ecolabel2022-1024x683.jpg 1024w, https:\/\/www.esperidi.it\/wp-content\/uploads\/2022\/10\/ecolabel2022-100x67.jpg 100w\" sizes=\"auto, (max-width: 2048px) 100vw, 2048px\" \/><\/div>\t<\/div>\r\n<\/article>\r\n<\/div><div class=\"w-grid-preloader\"><div class=\"g-preloader type_1\">\r\n\t<div><\/div>\r\n<\/div>\r\n<\/div>\t<div class=\"w-grid-json hidden\" onclick='return {&quot;action&quot;:&quot;us_ajax_grid&quot;,&quot;ajax_url&quot;:&quot;https:\\\/\\\/www.esperidi.it\\\/wp-admin\\\/admin-ajax.php&quot;,&quot;infinite_scroll&quot;:0,&quot;max_num_pages&quot;:1,&quot;pagination&quot;:&quot;none&quot;,&quot;permalink_url&quot;:&quot;https:\\\/\\\/www.esperidi.it\\\/de\\\/wp-json\\\/wp\\\/v2\\\/pages\\\/1342\\\/&quot;,&quot;template_vars&quot;:{&quot;columns&quot;:&quot;2&quot;,&quot;exclude_items&quot;:&quot;none&quot;,&quot;img_size&quot;:&quot;default&quot;,&quot;ignore_items_size&quot;:false,&quot;items_layout&quot;:&quot;gallery_default&quot;,&quot;items_offset&quot;:&quot;1&quot;,&quot;load_animation&quot;:&quot;none&quot;,&quot;overriding_link&quot;:&quot;popup_post_image&quot;,&quot;post_id&quot;:1342,&quot;query_args&quot;:{&quot;post_type&quot;:[&quot;attachment&quot;],&quot;post__in&quot;:[&quot;3875&quot;,&quot;3874&quot;,&quot;3878&quot;,&quot;3879&quot;,&quot;3876&quot;,&quot;3925&quot;,&quot;3926&quot;,&quot;3928&quot;],&quot;post_status&quot;:&quot;inherit&quot;,&quot;post_mime_type&quot;:&quot;image&quot;,&quot;orderby&quot;:{&quot;post__in&quot;:&quot;ASC&quot;},&quot;posts_per_page&quot;:&quot;10&quot;},&quot;type&quot;:&quot;masonry&quot;,&quot;us_grid_ajax_index&quot;:1,&quot;us_grid_filter_params&quot;:null,&quot;us_grid_index&quot;:1,&quot;_us_grid_post_type&quot;:&quot;attachment&quot;,&quot;lang&quot;:&quot;de&quot;}}'><\/div>\r\n<\/div><\/div><\/div><\/div><\/div><\/div><\/section><section class=\"l-section wpb_row us_custom_c70c97eb height_auto\"><div class=\"l-section-h i-cf\"><div class=\"g-cols vc_row type_default valign_top\"><div class=\"vc_col-sm-12 wpb_column vc_column_container\"><div class=\"vc_column-inner\"><div class=\"wpb_wrapper\"><div class=\"w-separator size_small\"><\/div><div class=\"wpb_text_column\" ><div class=\"wpb_wrapper\"><h5 style=\"text-align: center;\">Mehr wissen:<\/h5>\n<\/div><\/div><div class=\"ult-spacer spacer-69e071f495181\" data-id=\"69e071f495181\" data-height=\"20\" data-height-mobile=\"0\" data-height-tab=\"20\" data-height-tab-portrait=\"20\" data-height-mobile-landscape=\"0\" style=\"clear:both;display:block;\"><\/div><\/div><\/div><\/div><div class=\"vc_col-sm-3 wpb_column vc_column_container\"><div class=\"vc_column-inner\"><div class=\"wpb_wrapper\"><div class=\"w-btn-wrapper width_auto align_center\"><a class=\"w-btn us-btn-style_1\" target=\"_blank\" href=\"https:\/\/www.esperidi.it\/wp-content\/uploads\/2024\/02\/certificazioni-2025.pdf\" rel=\"noopener\"><span class=\"w-btn-label\">Unsere Zertifizierungen<\/span><\/a><\/div><\/div><\/div><\/div><div class=\"vc_col-sm-3 wpb_column vc_column_container\"><div class=\"vc_column-inner\"><div class=\"wpb_wrapper\"><div class=\"w-btn-wrapper width_auto align_center\"><a class=\"w-btn us-btn-style_1\" target=\"_blank\" href=\"\/wp-content\/uploads\/2022\/03\/le-esperidi-camping-village-marina-di-bibbona-toscana-ecosostenibilita-certificato-ecolabel-ue.pdf\" rel=\"noopener\"><span class=\"w-btn-label\">Ecolabel<\/span><\/a><\/div><\/div><\/div><\/div><div class=\"vc_col-sm-3 wpb_column vc_column_container\"><div class=\"vc_column-inner\"><div class=\"wpb_wrapper\"><div class=\"w-btn-wrapper width_auto align_center\"><a class=\"w-btn us-btn-style_1\" target=\"_blank\" href=\"https:\/\/www.esperidi.it\/wp-content\/uploads\/2022\/10\/9001-2022.pdf\" rel=\"noopener\"><span class=\"w-btn-label\">Certificato 16179<\/span><\/a><\/div><\/div><\/div><\/div><div class=\"vc_col-sm-3 wpb_column vc_column_container\"><div class=\"vc_column-inner\"><div class=\"wpb_wrapper\"><div class=\"w-btn-wrapper width_auto align_center\"><a class=\"w-btn us-btn-style_1\" target=\"_blank\" href=\"https:\/\/www.esperidi.it\/wp-content\/uploads\/2022\/10\/14001-2022.pdf\" rel=\"noopener\"><span class=\"w-btn-label\">Certificato 16180<\/span><\/a><\/div><\/div><\/div><\/div><div class=\"vc_col-sm-12 wpb_column vc_column_container\"><div class=\"vc_column-inner\"><div class=\"wpb_wrapper\"><div class=\"w-separator size_small\"><\/div><\/div><\/div><\/div><\/div><\/div><\/section>\n","protected":false},"excerpt":{"rendered":"","protected":false},"author":1,"featured_media":0,"parent":0,"menu_order":0,"comment_status":"closed","ping_status":"closed","template":"","meta":{"footnotes":""},"class_list":["post-1342","page","type-page","status-publish","hentry"],"yoast_head":"<!-- This site is optimized with the Yoast SEO plugin v27.2 - https:\/\/yoast.com\/product\/yoast-seo-wordpress\/ -->\n<title>Umweltfreundlicher Campingplatz, Camping Toskana, Livorno Meer<\/title>\n<meta name=\"description\" content=\"Camping am toskanischen Meer in Marina di Bibbona, mit den Zertifikaten ISO 9001 und ISO 14001 f\u00fcr Qualit\u00e4ts- und Umweltmanagement. Camping neben Livorno, am Meer.\" \/>\n<meta name=\"robots\" content=\"index, follow, max-snippet:-1, max-image-preview:large, max-video-preview:-1\" \/>\n<link rel=\"canonical\" href=\"https:\/\/www.esperidi.it\/de\/nachhaltiges-camping-livorno-toskana\/\" \/>\n<meta property=\"og:locale\" content=\"de_DE\" \/>\n<meta property=\"og:type\" content=\"article\" \/>\n<meta property=\"og:title\" content=\"Umweltfreundlicher Campingplatz, Camping Toskana, Livorno Meer\" \/>\n<meta property=\"og:description\" content=\"Camping am toskanischen Meer in Marina di Bibbona, mit den Zertifikaten ISO 9001 und ISO 14001 f\u00fcr Qualit\u00e4ts- und Umweltmanagement. Camping neben Livorno, am Meer.\" \/>\n<meta property=\"og:url\" content=\"https:\/\/www.esperidi.it\/de\/nachhaltiges-camping-livorno-toskana\/\" \/>\n<meta property=\"og:site_name\" content=\"Camping Village Le Esperidi\" \/>\n<meta property=\"article:publisher\" content=\"https:\/\/www.facebook.com\/campingesperidi\" \/>\n<meta property=\"article:modified_time\" content=\"2025-03-10T11:53:24+00:00\" \/>\n<meta name=\"twitter:card\" content=\"summary_large_image\" \/>\n<meta name=\"twitter:label1\" content=\"Gesch\u00e4tzte Lesezeit\" \/>\n\t<meta name=\"twitter:data1\" content=\"3\u00a0Minuten\" \/>\n<script type=\"application\/ld+json\" class=\"yoast-schema-graph\">{\"@context\":\"https:\/\/schema.org\",\"@graph\":[{\"@type\":\"WebPage\",\"@id\":\"https:\/\/www.esperidi.it\/de\/nachhaltiges-camping-livorno-toskana\/\",\"url\":\"https:\/\/www.esperidi.it\/de\/nachhaltiges-camping-livorno-toskana\/\",\"name\":\"Umweltfreundlicher Campingplatz, Camping Toskana, Livorno Meer\",\"isPartOf\":{\"@id\":\"https:\/\/www.esperidi.it\/#website\"},\"datePublished\":\"2021-04-21T15:22:35+00:00\",\"dateModified\":\"2025-03-10T11:53:24+00:00\",\"description\":\"Camping am toskanischen Meer in Marina di Bibbona, mit den Zertifikaten ISO 9001 und ISO 14001 f\u00fcr Qualit\u00e4ts- und Umweltmanagement. Camping neben Livorno, am Meer.\",\"breadcrumb\":{\"@id\":\"https:\/\/www.esperidi.it\/de\/nachhaltiges-camping-livorno-toskana\/#breadcrumb\"},\"inLanguage\":\"de\",\"potentialAction\":[{\"@type\":\"ReadAction\",\"target\":[\"https:\/\/www.esperidi.it\/de\/nachhaltiges-camping-livorno-toskana\/\"]}]},{\"@type\":\"BreadcrumbList\",\"@id\":\"https:\/\/www.esperidi.it\/de\/nachhaltiges-camping-livorno-toskana\/#breadcrumb\",\"itemListElement\":[{\"@type\":\"ListItem\",\"position\":1,\"name\":\"Home\",\"item\":\"https:\/\/www.esperidi.it\/de\/\"},{\"@type\":\"ListItem\",\"position\":2,\"name\":\"UMWELTFREUNDLICHER\"}]},{\"@type\":\"WebSite\",\"@id\":\"https:\/\/www.esperidi.it\/#website\",\"url\":\"https:\/\/www.esperidi.it\/\",\"name\":\"Camping Village Le Esperidi\",\"description\":\"Campeggio Mare Toscana\",\"potentialAction\":[{\"@type\":\"SearchAction\",\"target\":{\"@type\":\"EntryPoint\",\"urlTemplate\":\"https:\/\/www.esperidi.it\/?s={search_term_string}\"},\"query-input\":{\"@type\":\"PropertyValueSpecification\",\"valueRequired\":true,\"valueName\":\"search_term_string\"}}],\"inLanguage\":\"de\"}]}<\/script>\n<!-- \/ Yoast SEO plugin. -->","yoast_head_json":{"title":"Umweltfreundlicher Campingplatz, Camping Toskana, Livorno Meer","description":"Camping am toskanischen Meer in Marina di Bibbona, mit den Zertifikaten ISO 9001 und ISO 14001 f\u00fcr Qualit\u00e4ts- und Umweltmanagement. Camping neben Livorno, am Meer.","robots":{"index":"index","follow":"follow","max-snippet":"max-snippet:-1","max-image-preview":"max-image-preview:large","max-video-preview":"max-video-preview:-1"},"canonical":"https:\/\/www.esperidi.it\/de\/nachhaltiges-camping-livorno-toskana\/","og_locale":"de_DE","og_type":"article","og_title":"Umweltfreundlicher Campingplatz, Camping Toskana, Livorno Meer","og_description":"Camping am toskanischen Meer in Marina di Bibbona, mit den Zertifikaten ISO 9001 und ISO 14001 f\u00fcr Qualit\u00e4ts- und Umweltmanagement. Camping neben Livorno, am Meer.","og_url":"https:\/\/www.esperidi.it\/de\/nachhaltiges-camping-livorno-toskana\/","og_site_name":"Camping Village Le Esperidi","article_publisher":"https:\/\/www.facebook.com\/campingesperidi","article_modified_time":"2025-03-10T11:53:24+00:00","twitter_card":"summary_large_image","twitter_misc":{"Gesch\u00e4tzte Lesezeit":"3\u00a0Minuten"},"schema":{"@context":"https:\/\/schema.org","@graph":[{"@type":"WebPage","@id":"https:\/\/www.esperidi.it\/de\/nachhaltiges-camping-livorno-toskana\/","url":"https:\/\/www.esperidi.it\/de\/nachhaltiges-camping-livorno-toskana\/","name":"Umweltfreundlicher Campingplatz, Camping Toskana, Livorno Meer","isPartOf":{"@id":"https:\/\/www.esperidi.it\/#website"},"datePublished":"2021-04-21T15:22:35+00:00","dateModified":"2025-03-10T11:53:24+00:00","description":"Camping am toskanischen Meer in Marina di Bibbona, mit den Zertifikaten ISO 9001 und ISO 14001 f\u00fcr Qualit\u00e4ts- und Umweltmanagement. Camping neben Livorno, am Meer.","breadcrumb":{"@id":"https:\/\/www.esperidi.it\/de\/nachhaltiges-camping-livorno-toskana\/#breadcrumb"},"inLanguage":"de","potentialAction":[{"@type":"ReadAction","target":["https:\/\/www.esperidi.it\/de\/nachhaltiges-camping-livorno-toskana\/"]}]},{"@type":"BreadcrumbList","@id":"https:\/\/www.esperidi.it\/de\/nachhaltiges-camping-livorno-toskana\/#breadcrumb","itemListElement":[{"@type":"ListItem","position":1,"name":"Home","item":"https:\/\/www.esperidi.it\/de\/"},{"@type":"ListItem","position":2,"name":"UMWELTFREUNDLICHER"}]},{"@type":"WebSite","@id":"https:\/\/www.esperidi.it\/#website","url":"https:\/\/www.esperidi.it\/","name":"Camping Village Le Esperidi","description":"Campeggio Mare Toscana","potentialAction":[{"@type":"SearchAction","target":{"@type":"EntryPoint","urlTemplate":"https:\/\/www.esperidi.it\/?s={search_term_string}"},"query-input":{"@type":"PropertyValueSpecification","valueRequired":true,"valueName":"search_term_string"}}],"inLanguage":"de"}]}},"_links":{"self":[{"href":"https:\/\/www.esperidi.it\/de\/wp-json\/wp\/v2\/pages\/1342","targetHints":{"allow":["GET"]}}],"collection":[{"href":"https:\/\/www.esperidi.it\/de\/wp-json\/wp\/v2\/pages"}],"about":[{"href":"https:\/\/www.esperidi.it\/de\/wp-json\/wp\/v2\/types\/page"}],"author":[{"embeddable":true,"href":"https:\/\/www.esperidi.it\/de\/wp-json\/wp\/v2\/users\/1"}],"replies":[{"embeddable":true,"href":"https:\/\/www.esperidi.it\/de\/wp-json\/wp\/v2\/comments?post=1342"}],"version-history":[{"count":11,"href":"https:\/\/www.esperidi.it\/de\/wp-json\/wp\/v2\/pages\/1342\/revisions"}],"predecessor-version":[{"id":4336,"href":"https:\/\/www.esperidi.it\/de\/wp-json\/wp\/v2\/pages\/1342\/revisions\/4336"}],"wp:attachment":[{"href":"https:\/\/www.esperidi.it\/de\/wp-json\/wp\/v2\/media?parent=1342"}],"curies":[{"name":"wp","href":"https:\/\/api.w.org\/{rel}","templated":true}]}}