{"id":1375,"date":"2021-04-22T15:04:59","date_gmt":"2021-04-22T15:04:59","guid":{"rendered":"http:\/\/esperidi.it\/arbeite-mit-uns\/"},"modified":"2024-05-31T12:15:22","modified_gmt":"2024-05-31T12:15:22","slug":"arbeite-mit-uns","status":"publish","type":"page","link":"https:\/\/www.esperidi.it\/de\/arbeite-mit-uns\/","title":{"rendered":"ARBEITE MIT UNS"},"content":{"rendered":"<section class=\"l-section wpb_row height_small with_img\"><div class=\"l-section-img\" style=\"background-image: url(https:\/\/www.esperidi.it\/wp-content\/uploads\/2021\/01\/le-esperidi-camping-village-marina-di-bibbona-livorno-toscana-animazione-09.jpg);background-repeat: no-repeat;\" data-img-width=\"1280\" data-img-height=\"516\"><\/div><div class=\"l-section-h i-cf\"><div class=\"g-cols vc_row type_default valign_middle\"><div class=\"vc_col-sm-3 wpb_column vc_column_container\"><div class=\"vc_column-inner\"><div class=\"wpb_wrapper\"><div class=\"ult-spacer spacer-69e071f4da8d6\" data-id=\"69e071f4da8d6\" data-height=\"400\" data-height-mobile=\"400\" data-height-tab=\"400\" data-height-tab-portrait=\"\" data-height-mobile-landscape=\"\" style=\"clear:both;display:block;\"><\/div><\/div><\/div><\/div><div class=\"vc_col-sm-6 wpb_column vc_column_container\"><div class=\"vc_column-inner\"><div class=\"wpb_wrapper\"><\/div><\/div><\/div><div class=\"vc_col-sm-3 wpb_column vc_column_container\"><div class=\"vc_column-inner\"><div class=\"wpb_wrapper\"><\/div><\/div><\/div><\/div><\/div><\/section><section class=\"l-section wpb_row us_custom_c70c97eb height_auto\"><div class=\"l-section-h i-cf\"><div class=\"g-cols vc_row type_default valign_top\"><div class=\"vc_col-sm-12 wpb_column vc_column_container\"><div class=\"vc_column-inner\"><div class=\"wpb_wrapper\"><div class=\"wpb_text_column us_custom_b8b0fe88 has_text_color\" ><div class=\"wpb_wrapper\"><h1 style=\"text-align: center;\"><strong>ARBEITE MIT UNS<\/strong><\/h1>\n<h3 style=\"text-align: center;\"><span style=\"color: #333333;\">Camping Village <\/span><span style=\"color: #f0882b;\">Le Esperidi<\/span><\/h3>\n<\/div><\/div><\/div><\/div><\/div><\/div><\/div><\/section><section class=\"l-section wpb_row height_auto width_full\"><div class=\"l-section-h i-cf\"><div class=\"g-cols vc_row type_default valign_middle\"><div class=\"vc_col-sm-12 wpb_column vc_column_container\"><div class=\"vc_column-inner\"><div class=\"wpb_wrapper\"><div class=\"w-separator size_small\"><\/div><div class=\"wpb_text_column us_custom_df5f4c97 has_text_color\" ><div class=\"wpb_wrapper\"><h6 style=\"text-align: center;\"><strong>Treten Sie unserem Team bei<\/strong><\/h6>\n<\/div><\/div><div class=\"wpb_text_column\" ><div class=\"wpb_wrapper\"><p style=\"text-align: center;\">M\u00f6chten Sie unserem Team beitreten?<br \/>\nF\u00fcllen Sie das unten stehende Formular aus, f\u00fcgen Sie Ihren Lebenslauf bei und &#8230; viel Gl\u00fcck!<\/p>\n<\/div><\/div><div class=\"g-cols wpb_row  type_default valign_middle vc_inner\"><div class=\"vc_col-sm-2 wpb_column vc_column_container\"><div class=\"vc_column-inner\"><div class=\"wpb_wrapper\"><\/div><\/div><\/div><div class=\"vc_col-sm-8 wpb_column vc_column_container\"><div class=\"vc_column-inner\"><div class=\"wpb_wrapper\"><div class=\"w-separator size_small\"><\/div><div class=\"wpb_text_column\" ><div class=\"wpb_wrapper\">\n<\/div><\/div><\/div><\/div><\/div><div class=\"vc_col-sm-2 wpb_column vc_column_container\"><div class=\"vc_column-inner\"><div class=\"wpb_wrapper\"><\/div><\/div><\/div><\/div><div class=\"w-separator size_small\"><\/div><\/div><\/div><\/div><\/div><\/div><\/section><section class=\"l-section wpb_row us_custom_c70c97eb height_medium\"><div class=\"l-section-h i-cf\"><div class=\"g-cols vc_row type_default valign_middle\"><div class=\"vc_col-sm-6 wpb_column vc_column_container\"><div class=\"vc_column-inner\"><div class=\"wpb_wrapper\"><div class=\"w-grid type_masonry layout_gallery_default cols_2 with_isotope\" id=\"us_grid_1\" data-grid-filter=\"true\"><style id=\"us_grid_1_css\">#us_grid_1 .w-grid-item{padding:0.8rem}#us_grid_1 .w-grid-list{margin:-0.8rem}.w-grid + #us_grid_1 .w-grid-list{margin-top:0.8rem}@media (max-width:599px){#us_grid_1 .w-grid-list{margin:0}#us_grid_1 .w-grid-item{width:100%;padding:0;margin-bottom:0.8rem}}<\/style><style>.layout_gallery_default .w-grid-item-h{}<\/style><div class=\"w-grid-list\" ><article class=\"w-grid-item post-1840 attachment type-attachment status-inherit hentry\" data-id=\"1840\">\r\n\t<div class=\"w-grid-item-h\">\r\n\t\t\t\t\t<a class=\"w-grid-item-anchor\" href=\"https:\/\/www.esperidi.it\/wp-content\/uploads\/2020\/11\/le-esperidi-camping-village-marina-di-bibbona-livorno-toscana-bimbo-village-16.jpg\" ref=\"magnificPopupGrid\" title=\"le-esperidi-camping-village-marina-di-bibbona-livorno-toscana-bimbo-village-16\"><\/a>\r\n\t\t\t\t<div class=\"w-post-elm post_image usg_post_image_1 stretched\"><img loading=\"lazy\" decoding=\"async\" width=\"1440\" height=\"691\" src=\"https:\/\/www.esperidi.it\/wp-content\/uploads\/2020\/11\/le-esperidi-camping-village-marina-di-bibbona-livorno-toscana-bimbo-village-16.jpg\" class=\"attachment-us_600_600_crop size-us_600_600_crop\" alt=\"\" srcset=\"https:\/\/www.esperidi.it\/wp-content\/uploads\/2020\/11\/le-esperidi-camping-village-marina-di-bibbona-livorno-toscana-bimbo-village-16.jpg 1440w, https:\/\/www.esperidi.it\/wp-content\/uploads\/2020\/11\/le-esperidi-camping-village-marina-di-bibbona-livorno-toscana-bimbo-village-16-300x144.jpg 300w, https:\/\/www.esperidi.it\/wp-content\/uploads\/2020\/11\/le-esperidi-camping-village-marina-di-bibbona-livorno-toscana-bimbo-village-16-1024x491.jpg 1024w\" sizes=\"auto, (max-width: 1440px) 100vw, 1440px\" \/><\/div>\t<\/div>\r\n<\/article>\r\n<article class=\"w-grid-item post-1841 attachment type-attachment status-inherit hentry\" data-id=\"1841\">\r\n\t<div class=\"w-grid-item-h\">\r\n\t\t\t\t\t<a class=\"w-grid-item-anchor\" href=\"https:\/\/www.esperidi.it\/wp-content\/uploads\/2020\/11\/le-esperidi-camping-village-marina-di-bibbona-livorno-toscana-bimbo-village-14.jpg\" ref=\"magnificPopupGrid\" title=\"le-esperidi-camping-village-marina-di-bibbona-livorno-toscana-bimbo-village-14\"><\/a>\r\n\t\t\t\t<div class=\"w-post-elm post_image usg_post_image_1 stretched\"><img loading=\"lazy\" decoding=\"async\" width=\"1200\" height=\"701\" src=\"https:\/\/www.esperidi.it\/wp-content\/uploads\/2020\/11\/le-esperidi-camping-village-marina-di-bibbona-livorno-toscana-bimbo-village-14.jpg\" class=\"attachment-us_600_600_crop size-us_600_600_crop\" alt=\"\" srcset=\"https:\/\/www.esperidi.it\/wp-content\/uploads\/2020\/11\/le-esperidi-camping-village-marina-di-bibbona-livorno-toscana-bimbo-village-14.jpg 1200w, https:\/\/www.esperidi.it\/wp-content\/uploads\/2020\/11\/le-esperidi-camping-village-marina-di-bibbona-livorno-toscana-bimbo-village-14-300x175.jpg 300w, https:\/\/www.esperidi.it\/wp-content\/uploads\/2020\/11\/le-esperidi-camping-village-marina-di-bibbona-livorno-toscana-bimbo-village-14-1024x598.jpg 1024w\" sizes=\"auto, (max-width: 1200px) 100vw, 1200px\" \/><\/div>\t<\/div>\r\n<\/article>\r\n<article class=\"w-grid-item post-1844 attachment type-attachment status-inherit hentry\" data-id=\"1844\">\r\n\t<div class=\"w-grid-item-h\">\r\n\t\t\t\t\t<a class=\"w-grid-item-anchor\" href=\"https:\/\/www.esperidi.it\/wp-content\/uploads\/2020\/11\/le-esperidi-camping-village-marina-di-bibbona-livorno-toscana-bimbo-village-11.jpg\" ref=\"magnificPopupGrid\" title=\"le-esperidi-camping-village-marina-di-bibbona-livorno-toscana-bimbo-village-11\"><\/a>\r\n\t\t\t\t<div class=\"w-post-elm post_image usg_post_image_1 stretched\"><img loading=\"lazy\" decoding=\"async\" width=\"920\" height=\"540\" src=\"https:\/\/www.esperidi.it\/wp-content\/uploads\/2020\/11\/le-esperidi-camping-village-marina-di-bibbona-livorno-toscana-bimbo-village-11.jpg\" class=\"attachment-us_600_600_crop size-us_600_600_crop\" alt=\"\" srcset=\"https:\/\/www.esperidi.it\/wp-content\/uploads\/2020\/11\/le-esperidi-camping-village-marina-di-bibbona-livorno-toscana-bimbo-village-11.jpg 920w, https:\/\/www.esperidi.it\/wp-content\/uploads\/2020\/11\/le-esperidi-camping-village-marina-di-bibbona-livorno-toscana-bimbo-village-11-300x176.jpg 300w\" sizes=\"auto, (max-width: 920px) 100vw, 920px\" \/><\/div>\t<\/div>\r\n<\/article>\r\n<article class=\"w-grid-item post-1717 attachment type-attachment status-inherit hentry\" data-id=\"1717\">\r\n\t<div class=\"w-grid-item-h\">\r\n\t\t\t\t\t<a class=\"w-grid-item-anchor\" href=\"https:\/\/www.esperidi.it\/wp-content\/uploads\/2020\/11\/le-esperidi-camping-village-marina-di-bibbona-livorno-toscana-animazione-04.jpg\" ref=\"magnificPopupGrid\" title=\"le-esperidi-camping-village-marina-di-bibbona-livorno-toscana-animazione-04\"><\/a>\r\n\t\t\t\t<div class=\"w-post-elm post_image usg_post_image_1 stretched\"><img loading=\"lazy\" decoding=\"async\" width=\"1200\" height=\"701\" src=\"https:\/\/www.esperidi.it\/wp-content\/uploads\/2020\/11\/le-esperidi-camping-village-marina-di-bibbona-livorno-toscana-animazione-04.jpg\" class=\"attachment-us_600_600_crop size-us_600_600_crop\" alt=\"\" srcset=\"https:\/\/www.esperidi.it\/wp-content\/uploads\/2020\/11\/le-esperidi-camping-village-marina-di-bibbona-livorno-toscana-animazione-04.jpg 1200w, https:\/\/www.esperidi.it\/wp-content\/uploads\/2020\/11\/le-esperidi-camping-village-marina-di-bibbona-livorno-toscana-animazione-04-300x175.jpg 300w, https:\/\/www.esperidi.it\/wp-content\/uploads\/2020\/11\/le-esperidi-camping-village-marina-di-bibbona-livorno-toscana-animazione-04-1024x598.jpg 1024w\" sizes=\"auto, (max-width: 1200px) 100vw, 1200px\" \/><\/div>\t<\/div>\r\n<\/article>\r\n<\/div><div class=\"w-grid-preloader\"><div class=\"g-preloader type_1\">\r\n\t<div><\/div>\r\n<\/div>\r\n<\/div>\t<div class=\"w-grid-json hidden\" onclick='return {&quot;action&quot;:&quot;us_ajax_grid&quot;,&quot;ajax_url&quot;:&quot;https:\\\/\\\/www.esperidi.it\\\/wp-admin\\\/admin-ajax.php&quot;,&quot;infinite_scroll&quot;:0,&quot;max_num_pages&quot;:1,&quot;pagination&quot;:&quot;none&quot;,&quot;permalink_url&quot;:&quot;https:\\\/\\\/www.esperidi.it\\\/de\\\/wp-json\\\/wp\\\/v2\\\/pages\\\/1375\\\/&quot;,&quot;template_vars&quot;:{&quot;columns&quot;:&quot;2&quot;,&quot;exclude_items&quot;:&quot;none&quot;,&quot;img_size&quot;:&quot;default&quot;,&quot;ignore_items_size&quot;:false,&quot;items_layout&quot;:&quot;gallery_default&quot;,&quot;items_offset&quot;:&quot;1&quot;,&quot;load_animation&quot;:&quot;none&quot;,&quot;overriding_link&quot;:&quot;popup_post_image&quot;,&quot;post_id&quot;:1375,&quot;query_args&quot;:{&quot;post_type&quot;:[&quot;attachment&quot;],&quot;post__in&quot;:[&quot;581&quot;,&quot;658&quot;,&quot;586&quot;,&quot;589&quot;],&quot;post_status&quot;:&quot;inherit&quot;,&quot;post_mime_type&quot;:&quot;image&quot;,&quot;orderby&quot;:{&quot;date&quot;:&quot;DESC&quot;},&quot;posts_per_page&quot;:&quot;10&quot;},&quot;type&quot;:&quot;masonry&quot;,&quot;us_grid_ajax_index&quot;:1,&quot;us_grid_filter_params&quot;:null,&quot;us_grid_index&quot;:1,&quot;_us_grid_post_type&quot;:&quot;attachment&quot;,&quot;lang&quot;:&quot;de&quot;}}'><\/div>\r\n<\/div><\/div><\/div><\/div><div class=\"vc_col-sm-6 wpb_column vc_column_container\"><div class=\"vc_column-inner\"><div class=\"wpb_wrapper\"><div class=\"wpb_text_column us_custom_df5f4c97 has_text_color\" ><div class=\"wpb_wrapper\"><h2 style=\"text-align: left;\"><strong>Schicken Sie uns Ihre Bewerbung f\u00fcr die Arbeit mit unserem Animationsteam.<\/strong><\/h2>\n<\/div><\/div><div class=\"wpb_text_column\" ><div class=\"wpb_wrapper\"><p>Wir haben Ihre Freunde-Animation zum Vergn\u00fcgen unserer G\u00e4ste ausgew\u00e4hlt! Wenn Sie ein einzigartiges Erlebnis haben und ein Animator werden m\u00f6chten, ist es egal, ob Sie sich in der ersten oder letzten Saison befinden, <a href=\"https:\/\/www.yfgroup.it\/de\/bewerben-sie-sich\/\">Kandidaten sind und in unser Animationsb\u00fcro gehen<\/a>, Sie k\u00f6nnten der n\u00e4chste Mitarbeiter sein.<\/p>\n<\/div><\/div><\/div><\/div><\/div><\/div><\/div><\/section>\n","protected":false},"excerpt":{"rendered":"","protected":false},"author":1,"featured_media":0,"parent":0,"menu_order":0,"comment_status":"closed","ping_status":"closed","template":"","meta":{"footnotes":""},"class_list":["post-1375","page","type-page","status-publish","hentry"],"yoast_head":"<!-- This site is optimized with the Yoast SEO plugin v27.2 - https:\/\/yoast.com\/product\/yoast-seo-wordpress\/ -->\n<title>ARBEITE MIT UNS | Camping Village Le Esperidi | Stellenangebot f\u00fcr Camping Toskana<\/title>\n<meta name=\"description\" content=\"Er arbeitet im Campingdorf Le Esperidi, dem Park am toskanischen Meer. Entdecken Sie die offenen Stellen und senden Sie uns Ihre Bewerbung f\u00fcr die Arbeit auf dem Campingplatz in Marina di Bibbona.\" \/>\n<meta name=\"robots\" content=\"index, follow, max-snippet:-1, max-image-preview:large, max-video-preview:-1\" \/>\n<link rel=\"canonical\" href=\"https:\/\/www.esperidi.it\/de\/arbeite-mit-uns\/\" \/>\n<meta property=\"og:locale\" content=\"de_DE\" \/>\n<meta property=\"og:type\" content=\"article\" \/>\n<meta property=\"og:title\" content=\"ARBEITE MIT UNS | Camping Village Le Esperidi | Stellenangebot f\u00fcr Camping Toskana\" \/>\n<meta property=\"og:description\" content=\"Er arbeitet im Campingdorf Le Esperidi, dem Park am toskanischen Meer. Entdecken Sie die offenen Stellen und senden Sie uns Ihre Bewerbung f\u00fcr die Arbeit auf dem Campingplatz in Marina di Bibbona.\" \/>\n<meta property=\"og:url\" content=\"https:\/\/www.esperidi.it\/de\/arbeite-mit-uns\/\" \/>\n<meta property=\"og:site_name\" content=\"Camping Village Le Esperidi\" \/>\n<meta property=\"article:publisher\" content=\"https:\/\/www.facebook.com\/campingesperidi\" \/>\n<meta property=\"article:modified_time\" content=\"2024-05-31T12:15:22+00:00\" \/>\n<meta name=\"twitter:card\" content=\"summary_large_image\" \/>\n<meta name=\"twitter:label1\" content=\"Gesch\u00e4tzte Lesezeit\" \/>\n\t<meta name=\"twitter:data1\" content=\"2\u00a0Minuten\" \/>\n<script type=\"application\/ld+json\" class=\"yoast-schema-graph\">{\"@context\":\"https:\/\/schema.org\",\"@graph\":[{\"@type\":\"WebPage\",\"@id\":\"https:\/\/www.esperidi.it\/de\/arbeite-mit-uns\/\",\"url\":\"https:\/\/www.esperidi.it\/de\/arbeite-mit-uns\/\",\"name\":\"ARBEITE MIT UNS | Camping Village Le Esperidi | Stellenangebot f\u00fcr Camping Toskana\",\"isPartOf\":{\"@id\":\"https:\/\/www.esperidi.it\/#website\"},\"datePublished\":\"2021-04-22T15:04:59+00:00\",\"dateModified\":\"2024-05-31T12:15:22+00:00\",\"description\":\"Er arbeitet im Campingdorf Le Esperidi, dem Park am toskanischen Meer. Entdecken Sie die offenen Stellen und senden Sie uns Ihre Bewerbung f\u00fcr die Arbeit auf dem Campingplatz in Marina di Bibbona.\",\"breadcrumb\":{\"@id\":\"https:\/\/www.esperidi.it\/de\/arbeite-mit-uns\/#breadcrumb\"},\"inLanguage\":\"de\",\"potentialAction\":[{\"@type\":\"ReadAction\",\"target\":[\"https:\/\/www.esperidi.it\/de\/arbeite-mit-uns\/\"]}]},{\"@type\":\"BreadcrumbList\",\"@id\":\"https:\/\/www.esperidi.it\/de\/arbeite-mit-uns\/#breadcrumb\",\"itemListElement\":[{\"@type\":\"ListItem\",\"position\":1,\"name\":\"Home\",\"item\":\"https:\/\/www.esperidi.it\/de\/\"},{\"@type\":\"ListItem\",\"position\":2,\"name\":\"ARBEITE MIT UNS\"}]},{\"@type\":\"WebSite\",\"@id\":\"https:\/\/www.esperidi.it\/#website\",\"url\":\"https:\/\/www.esperidi.it\/\",\"name\":\"Camping Village Le Esperidi\",\"description\":\"Campeggio Mare Toscana\",\"potentialAction\":[{\"@type\":\"SearchAction\",\"target\":{\"@type\":\"EntryPoint\",\"urlTemplate\":\"https:\/\/www.esperidi.it\/?s={search_term_string}\"},\"query-input\":{\"@type\":\"PropertyValueSpecification\",\"valueRequired\":true,\"valueName\":\"search_term_string\"}}],\"inLanguage\":\"de\"}]}<\/script>\n<!-- \/ Yoast SEO plugin. -->","yoast_head_json":{"title":"ARBEITE MIT UNS | Camping Village Le Esperidi | Stellenangebot f\u00fcr Camping Toskana","description":"Er arbeitet im Campingdorf Le Esperidi, dem Park am toskanischen Meer. Entdecken Sie die offenen Stellen und senden Sie uns Ihre Bewerbung f\u00fcr die Arbeit auf dem Campingplatz in Marina di Bibbona.","robots":{"index":"index","follow":"follow","max-snippet":"max-snippet:-1","max-image-preview":"max-image-preview:large","max-video-preview":"max-video-preview:-1"},"canonical":"https:\/\/www.esperidi.it\/de\/arbeite-mit-uns\/","og_locale":"de_DE","og_type":"article","og_title":"ARBEITE MIT UNS | Camping Village Le Esperidi | Stellenangebot f\u00fcr Camping Toskana","og_description":"Er arbeitet im Campingdorf Le Esperidi, dem Park am toskanischen Meer. Entdecken Sie die offenen Stellen und senden Sie uns Ihre Bewerbung f\u00fcr die Arbeit auf dem Campingplatz in Marina di Bibbona.","og_url":"https:\/\/www.esperidi.it\/de\/arbeite-mit-uns\/","og_site_name":"Camping Village Le Esperidi","article_publisher":"https:\/\/www.facebook.com\/campingesperidi","article_modified_time":"2024-05-31T12:15:22+00:00","twitter_card":"summary_large_image","twitter_misc":{"Gesch\u00e4tzte Lesezeit":"2\u00a0Minuten"},"schema":{"@context":"https:\/\/schema.org","@graph":[{"@type":"WebPage","@id":"https:\/\/www.esperidi.it\/de\/arbeite-mit-uns\/","url":"https:\/\/www.esperidi.it\/de\/arbeite-mit-uns\/","name":"ARBEITE MIT UNS | Camping Village Le Esperidi | Stellenangebot f\u00fcr Camping Toskana","isPartOf":{"@id":"https:\/\/www.esperidi.it\/#website"},"datePublished":"2021-04-22T15:04:59+00:00","dateModified":"2024-05-31T12:15:22+00:00","description":"Er arbeitet im Campingdorf Le Esperidi, dem Park am toskanischen Meer. Entdecken Sie die offenen Stellen und senden Sie uns Ihre Bewerbung f\u00fcr die Arbeit auf dem Campingplatz in Marina di Bibbona.","breadcrumb":{"@id":"https:\/\/www.esperidi.it\/de\/arbeite-mit-uns\/#breadcrumb"},"inLanguage":"de","potentialAction":[{"@type":"ReadAction","target":["https:\/\/www.esperidi.it\/de\/arbeite-mit-uns\/"]}]},{"@type":"BreadcrumbList","@id":"https:\/\/www.esperidi.it\/de\/arbeite-mit-uns\/#breadcrumb","itemListElement":[{"@type":"ListItem","position":1,"name":"Home","item":"https:\/\/www.esperidi.it\/de\/"},{"@type":"ListItem","position":2,"name":"ARBEITE MIT UNS"}]},{"@type":"WebSite","@id":"https:\/\/www.esperidi.it\/#website","url":"https:\/\/www.esperidi.it\/","name":"Camping Village Le Esperidi","description":"Campeggio Mare Toscana","potentialAction":[{"@type":"SearchAction","target":{"@type":"EntryPoint","urlTemplate":"https:\/\/www.esperidi.it\/?s={search_term_string}"},"query-input":{"@type":"PropertyValueSpecification","valueRequired":true,"valueName":"search_term_string"}}],"inLanguage":"de"}]}},"_links":{"self":[{"href":"https:\/\/www.esperidi.it\/de\/wp-json\/wp\/v2\/pages\/1375","targetHints":{"allow":["GET"]}}],"collection":[{"href":"https:\/\/www.esperidi.it\/de\/wp-json\/wp\/v2\/pages"}],"about":[{"href":"https:\/\/www.esperidi.it\/de\/wp-json\/wp\/v2\/types\/page"}],"author":[{"embeddable":true,"href":"https:\/\/www.esperidi.it\/de\/wp-json\/wp\/v2\/users\/1"}],"replies":[{"embeddable":true,"href":"https:\/\/www.esperidi.it\/de\/wp-json\/wp\/v2\/comments?post=1375"}],"version-history":[{"count":4,"href":"https:\/\/www.esperidi.it\/de\/wp-json\/wp\/v2\/pages\/1375\/revisions"}],"predecessor-version":[{"id":4229,"href":"https:\/\/www.esperidi.it\/de\/wp-json\/wp\/v2\/pages\/1375\/revisions\/4229"}],"wp:attachment":[{"href":"https:\/\/www.esperidi.it\/de\/wp-json\/wp\/v2\/media?parent=1375"}],"curies":[{"name":"wp","href":"https:\/\/api.w.org\/{rel}","templated":true}]}}