{"id":2222,"date":"2021-05-11T13:09:58","date_gmt":"2021-05-11T13:09:58","guid":{"rendered":"http:\/\/esperidi.it\/wo-wir-sind\/"},"modified":"2025-03-10T13:05:11","modified_gmt":"2025-03-10T13:05:11","slug":"wo-wir-sind","status":"publish","type":"page","link":"https:\/\/www.esperidi.it\/de\/wo-wir-sind\/","title":{"rendered":"WO WIR SIND"},"content":{"rendered":"<section class=\"l-section wpb_row height_small with_img\"><div class=\"l-section-img\" style=\"background-image: url(https:\/\/www.esperidi.it\/wp-content\/uploads\/2020\/10\/le-esperidi-camping-village-marina-di-bibbona-toscana-01.jpg);background-repeat: no-repeat;\" data-img-width=\"1800\" data-img-height=\"696\"><\/div><div class=\"l-section-h i-cf\"><div class=\"g-cols vc_row type_default valign_middle\"><div class=\"vc_col-sm-3 wpb_column vc_column_container\"><div class=\"vc_column-inner\"><div class=\"wpb_wrapper\"><div class=\"ult-spacer spacer-6a0397f0833a9\" data-id=\"6a0397f0833a9\" data-height=\"400\" data-height-mobile=\"400\" data-height-tab=\"400\" data-height-tab-portrait=\"\" data-height-mobile-landscape=\"\" style=\"clear:both;display:block;\"><\/div><\/div><\/div><\/div><div class=\"vc_col-sm-6 wpb_column vc_column_container\"><div class=\"vc_column-inner\"><div class=\"wpb_wrapper\"><\/div><\/div><\/div><div class=\"vc_col-sm-3 wpb_column vc_column_container\"><div class=\"vc_column-inner\"><div class=\"wpb_wrapper\"><\/div><\/div><\/div><\/div><\/div><\/section><section class=\"l-section wpb_row us_custom_c70c97eb height_auto\"><div class=\"l-section-h i-cf\"><div class=\"g-cols vc_row type_default valign_top\"><div class=\"vc_col-sm-12 wpb_column vc_column_container\"><div class=\"vc_column-inner\"><div class=\"wpb_wrapper\"><div class=\"wpb_text_column us_custom_b8b0fe88 has_text_color\" ><div class=\"wpb_wrapper\"><h1 style=\"text-align: center;\"><strong>WO WIR SIND<\/strong><\/h1>\n<h3 style=\"text-align: center;\"><span style=\"color: #333333;\">Camping Village <\/span><span style=\"color: #f0882b;\">Le Esperidi<\/span><\/h3>\n<\/div><\/div><\/div><\/div><\/div><\/div><\/div><\/section><section class=\"l-section wpb_row height_small\"><div class=\"l-section-h i-cf\"><div class=\"g-cols vc_row type_default valign_top gap-10px\"><style>.g-cols.gap-10px{margin:0 calc(-1.5rem - 10px)}.gap-10px > .vc_column_container {padding:10px}<\/style><div class=\"vc_col-sm-6 wpb_column vc_column_container has-fill\"><div class=\"vc_column-inner us_custom_c70c97eb\"><div class=\"wpb_wrapper\"><div class=\"w-iconbox iconpos_top style_default color_custom align_center\"><div class=\"w-iconbox-icon\" style=\"font-size:25px;color:#213689;\"><i class=\"fas fa-map-marker-alt\"><\/i><\/div><div class=\"w-iconbox-meta\"><p class=\"w-iconbox-title\">ADRESSE<\/p><div class=\"w-iconbox-text\"><p>Via dei Cavalleggeri Nord 25 &#8211; 57020<br \/>\nMarina di Bibbona (LI)<\/p>\n<\/div><\/div><\/div><\/div><\/div><\/div><div class=\"vc_col-sm-6 wpb_column vc_column_container has-fill\"><div class=\"vc_column-inner us_custom_c70c97eb\"><div class=\"wpb_wrapper\"><div class=\"w-iconbox iconpos_top style_default color_custom align_center\"><div class=\"w-iconbox-icon\" style=\"font-size:25px;color:#213689;\"><i class=\"fas fa-map-marked-alt\"><\/i><\/div><div class=\"w-iconbox-meta\"><p class=\"w-iconbox-title\">GPS KOORDINATEN<\/p><div class=\"w-iconbox-text\"><p>N 43.2493984<br \/>\nE 10.5231028<\/p>\n<\/div><\/div><\/div><\/div><\/div><\/div><\/div><\/div><\/section><section class=\"l-section wpb_row height_auto width_full\"><div class=\"l-section-h i-cf\"><div class=\"g-cols vc_row type_default valign_top\"><div class=\"vc_col-sm-12 wpb_column vc_column_container\"><div class=\"vc_column-inner\"><div class=\"wpb_wrapper\"><div class=\"w-map provider_osm us_map_1\" id=\"us_map_1\"><div class=\"w-map-json\" onclick='return {&quot;address&quot;:&quot;43.2493984,10.5231028&quot;,&quot;markers&quot;:[{&quot;address&quot;:&quot;43.2493984,10.5231028&quot;,&quot;html&quot;:&quot;&lt;h6&gt; Hier sind wir! &lt;\\\/ p&gt;&quot;,&quot;infowindow&quot;:false}],&quot;zoom&quot;:16,&quot;icon&quot;:{&quot;url&quot;:&quot;https:\\\/\\\/www.esperidi.it\\\/wp-content\\\/uploads\\\/2025\\\/03\\\/logo-esperidi-mappa.png&quot;,&quot;size&quot;:[80,80]},&quot;height&quot;:400,&quot;style&quot;:&quot;https:\\\/\\\/{s}.tile.openstreetmap.org\\\/{z}\\\/{x}\\\/{y}.png&quot;,&quot;disableZoom&quot;:true,&quot;disableDragging&quot;:true}'><\/div><\/div><\/div><\/div><\/div><\/div><\/div><\/section><section class=\"l-section wpb_row height_small\"><div class=\"l-section-h i-cf\"><div class=\"g-cols vc_row type_default valign_top gap-10px\"><style>.g-cols.gap-10px{margin:0 calc(-1.5rem - 10px)}.gap-10px > .vc_column_container {padding:10px}<\/style><div class=\"vc_col-sm-12 wpb_column vc_column_container\"><div class=\"vc_column-inner\"><div class=\"wpb_wrapper\"><div class=\"wpb_text_column us_custom_df5f4c97 has_text_color\" ><div class=\"wpb_wrapper\"><h3 style=\"text-align: center;\"><strong>WIE K\u00d6NNEN SIE UNS ERREICHEN<\/strong><\/h3>\n<\/div><\/div><div class=\"w-separator size_small\"><\/div><\/div><\/div><\/div><div class=\"vc_col-sm-6 wpb_column vc_column_container\"><div class=\"vc_column-inner\"><div class=\"wpb_wrapper\"><div class=\"w-iconbox us_custom_df5f4c97 iconpos_left style_default color_custom align_center no_text has_text_color\"><div class=\"w-iconbox-icon\" style=\"font-size:25px;color:#213689;\"><i class=\"fas fa-car\"><\/i><\/div><div class=\"w-iconbox-meta\"><p class=\"w-iconbox-title\">Mit dem Auto<\/p><\/div><\/div><div class=\"w-separator size_small\"><\/div><div class=\"wpb_text_column\" ><div class=\"wpb_wrapper\"><p><strong>Von Nord<\/strong>: Ausfahrt am Ende der Autobahn A12: folgen Sie die Ausschilderung nach Rom S.S.1 \u201eAurelia\u201c, auf der Schnellstra\u00dfe nehmen Sie die Ausfahrt \u201eLa California-Cecina Sud\u201c, dann folgen Sie die Ausschilderung nach Marina di Bibbona und die Schilde von Camping le Esperidi.<br \/>\n<strong>Von S\u00fcd<\/strong>:Ausfahrt Donoratico von S.S.1 \u201eAurelia\u201c: Richtung Livorno, folgen Sie die Ausschilderung nach Marina di Bibbona. Von Camping Village Le Esperidi, der auf der Costa degli Etruschi liegt, k\u00f6nnen Sie innerhalb K\u00fcrze Zeit alte wundersch\u00f6ne Ortschaften erreichen und in der unber\u00fchrten Natur der zahlreichen Parks tauchen.<\/p>\n<\/div><\/div><\/div><\/div><\/div><div class=\"vc_col-sm-6 wpb_column vc_column_container\"><div class=\"vc_column-inner\"><div class=\"wpb_wrapper\"><div class=\"w-iconbox us_custom_df5f4c97 iconpos_left style_default color_custom align_center no_text has_text_color\"><div class=\"w-iconbox-icon\" style=\"font-size:25px;color:#213689;\"><i class=\"fas fa-subway\"><\/i><\/div><div class=\"w-iconbox-meta\"><p class=\"w-iconbox-title\">Im Zug<\/p><\/div><\/div><div class=\"w-separator size_small\"><\/div><div class=\"wpb_text_column\" ><div class=\"wpb_wrapper\"><p>Der Bahnhof von <strong>Cecina<\/strong> befindet sich circa 10 km entfernt und er ist mit den anderen italienischen St\u00e4dten gut verbunden. Nachdem Sie an den Bahnhof angekommen sind, empfehlen wir Ihnen den Bus zu nehmen, um Marina di Bibbona zu erreichen.<\/p>\n<p>Der Bahnhof von <strong>Bolgheri<\/strong> befindet sich circa 3 km von Camping Village Le Esperidi entfernt und er ist eine Nebenstelle und von dort mit einem Pendelbus k\u00f6nnen sie Marina di Bibbona erreichen.<\/p>\n<\/div><\/div><\/div><\/div><\/div><\/div><\/div><\/section>\n","protected":false},"excerpt":{"rendered":"WO WIR SIND Camping Village Le Esperidi ADRESSEVia dei Cavalleggeri Nord 25 - 57020 Marina di Bibbona (LI) GPS KOORDINATENN 43.2493984 E 10.5231028 WIE K\u00d6NNEN SIE UNS ERREICHEN Mit dem AutoVon Nord: Ausfahrt am Ende der Autobahn A12: folgen Sie die Ausschilderung nach Rom S.S.1 \u201eAurelia\u201c, auf der Schnellstra\u00dfe nehmen Sie die Ausfahrt \u201eLa California-Cecina...","protected":false},"author":1,"featured_media":0,"parent":0,"menu_order":0,"comment_status":"closed","ping_status":"closed","template":"","meta":{"footnotes":""},"class_list":["post-2222","page","type-page","status-publish","hentry"],"yoast_head":"<!-- This site is optimized with the Yoast SEO plugin v27.2 - https:\/\/yoast.com\/product\/yoast-seo-wordpress\/ -->\n<title>Campingplatz Marina di Bibbona, Feriendorf Toskana Meer, Camping<\/title>\n<meta name=\"description\" content=\"Campingplatz am Meer in der Toskana, in Marina di Bibbona, in der N\u00e4he von Cecina. Ideal Ausgangspunkt f\u00fcr Ausfl\u00fcge in der Toskana, in der n\u00e4he von Cecina.\" \/>\n<meta name=\"robots\" content=\"index, follow, max-snippet:-1, max-image-preview:large, max-video-preview:-1\" \/>\n<link rel=\"canonical\" href=\"https:\/\/www.esperidi.it\/de\/wo-wir-sind\/\" \/>\n<meta property=\"og:locale\" content=\"de_DE\" \/>\n<meta property=\"og:type\" content=\"article\" \/>\n<meta property=\"og:title\" content=\"Campingplatz Marina di Bibbona, Feriendorf Toskana Meer, Camping\" \/>\n<meta property=\"og:description\" content=\"Campingplatz am Meer in der Toskana, in Marina di Bibbona, in der N\u00e4he von Cecina. Ideal Ausgangspunkt f\u00fcr Ausfl\u00fcge in der Toskana, in der n\u00e4he von Cecina.\" \/>\n<meta property=\"og:url\" content=\"https:\/\/www.esperidi.it\/de\/wo-wir-sind\/\" \/>\n<meta property=\"og:site_name\" content=\"Camping Village Le Esperidi\" \/>\n<meta property=\"article:publisher\" content=\"https:\/\/www.facebook.com\/campingesperidi\" \/>\n<meta property=\"article:modified_time\" content=\"2025-03-10T13:05:11+00:00\" \/>\n<meta name=\"twitter:card\" content=\"summary_large_image\" \/>\n<meta name=\"twitter:label1\" content=\"Gesch\u00e4tzte Lesezeit\" \/>\n\t<meta name=\"twitter:data1\" content=\"3\u00a0Minuten\" \/>\n<script type=\"application\/ld+json\" class=\"yoast-schema-graph\">{\"@context\":\"https:\/\/schema.org\",\"@graph\":[{\"@type\":\"WebPage\",\"@id\":\"https:\/\/www.esperidi.it\/de\/wo-wir-sind\/\",\"url\":\"https:\/\/www.esperidi.it\/de\/wo-wir-sind\/\",\"name\":\"Campingplatz Marina di Bibbona, Feriendorf Toskana Meer, Camping\",\"isPartOf\":{\"@id\":\"https:\/\/www.esperidi.it\/#website\"},\"datePublished\":\"2021-05-11T13:09:58+00:00\",\"dateModified\":\"2025-03-10T13:05:11+00:00\",\"description\":\"Campingplatz am Meer in der Toskana, in Marina di Bibbona, in der N\u00e4he von Cecina. Ideal Ausgangspunkt f\u00fcr Ausfl\u00fcge in der Toskana, in der n\u00e4he von Cecina.\",\"breadcrumb\":{\"@id\":\"https:\/\/www.esperidi.it\/de\/wo-wir-sind\/#breadcrumb\"},\"inLanguage\":\"de\",\"potentialAction\":[{\"@type\":\"ReadAction\",\"target\":[\"https:\/\/www.esperidi.it\/de\/wo-wir-sind\/\"]}]},{\"@type\":\"BreadcrumbList\",\"@id\":\"https:\/\/www.esperidi.it\/de\/wo-wir-sind\/#breadcrumb\",\"itemListElement\":[{\"@type\":\"ListItem\",\"position\":1,\"name\":\"Home\",\"item\":\"https:\/\/www.esperidi.it\/de\/\"},{\"@type\":\"ListItem\",\"position\":2,\"name\":\"WO WIR SIND\"}]},{\"@type\":\"WebSite\",\"@id\":\"https:\/\/www.esperidi.it\/#website\",\"url\":\"https:\/\/www.esperidi.it\/\",\"name\":\"Camping Village Le Esperidi\",\"description\":\"Campeggio Mare Toscana\",\"potentialAction\":[{\"@type\":\"SearchAction\",\"target\":{\"@type\":\"EntryPoint\",\"urlTemplate\":\"https:\/\/www.esperidi.it\/?s={search_term_string}\"},\"query-input\":{\"@type\":\"PropertyValueSpecification\",\"valueRequired\":true,\"valueName\":\"search_term_string\"}}],\"inLanguage\":\"de\"}]}<\/script>\n<!-- \/ Yoast SEO plugin. -->","yoast_head_json":{"title":"Campingplatz Marina di Bibbona, Feriendorf Toskana Meer, Camping","description":"Campingplatz am Meer in der Toskana, in Marina di Bibbona, in der N\u00e4he von Cecina. Ideal Ausgangspunkt f\u00fcr Ausfl\u00fcge in der Toskana, in der n\u00e4he von Cecina.","robots":{"index":"index","follow":"follow","max-snippet":"max-snippet:-1","max-image-preview":"max-image-preview:large","max-video-preview":"max-video-preview:-1"},"canonical":"https:\/\/www.esperidi.it\/de\/wo-wir-sind\/","og_locale":"de_DE","og_type":"article","og_title":"Campingplatz Marina di Bibbona, Feriendorf Toskana Meer, Camping","og_description":"Campingplatz am Meer in der Toskana, in Marina di Bibbona, in der N\u00e4he von Cecina. Ideal Ausgangspunkt f\u00fcr Ausfl\u00fcge in der Toskana, in der n\u00e4he von Cecina.","og_url":"https:\/\/www.esperidi.it\/de\/wo-wir-sind\/","og_site_name":"Camping Village Le Esperidi","article_publisher":"https:\/\/www.facebook.com\/campingesperidi","article_modified_time":"2025-03-10T13:05:11+00:00","twitter_card":"summary_large_image","twitter_misc":{"Gesch\u00e4tzte Lesezeit":"3\u00a0Minuten"},"schema":{"@context":"https:\/\/schema.org","@graph":[{"@type":"WebPage","@id":"https:\/\/www.esperidi.it\/de\/wo-wir-sind\/","url":"https:\/\/www.esperidi.it\/de\/wo-wir-sind\/","name":"Campingplatz Marina di Bibbona, Feriendorf Toskana Meer, Camping","isPartOf":{"@id":"https:\/\/www.esperidi.it\/#website"},"datePublished":"2021-05-11T13:09:58+00:00","dateModified":"2025-03-10T13:05:11+00:00","description":"Campingplatz am Meer in der Toskana, in Marina di Bibbona, in der N\u00e4he von Cecina. Ideal Ausgangspunkt f\u00fcr Ausfl\u00fcge in der Toskana, in der n\u00e4he von Cecina.","breadcrumb":{"@id":"https:\/\/www.esperidi.it\/de\/wo-wir-sind\/#breadcrumb"},"inLanguage":"de","potentialAction":[{"@type":"ReadAction","target":["https:\/\/www.esperidi.it\/de\/wo-wir-sind\/"]}]},{"@type":"BreadcrumbList","@id":"https:\/\/www.esperidi.it\/de\/wo-wir-sind\/#breadcrumb","itemListElement":[{"@type":"ListItem","position":1,"name":"Home","item":"https:\/\/www.esperidi.it\/de\/"},{"@type":"ListItem","position":2,"name":"WO WIR SIND"}]},{"@type":"WebSite","@id":"https:\/\/www.esperidi.it\/#website","url":"https:\/\/www.esperidi.it\/","name":"Camping Village Le Esperidi","description":"Campeggio Mare Toscana","potentialAction":[{"@type":"SearchAction","target":{"@type":"EntryPoint","urlTemplate":"https:\/\/www.esperidi.it\/?s={search_term_string}"},"query-input":{"@type":"PropertyValueSpecification","valueRequired":true,"valueName":"search_term_string"}}],"inLanguage":"de"}]}},"_links":{"self":[{"href":"https:\/\/www.esperidi.it\/de\/wp-json\/wp\/v2\/pages\/2222","targetHints":{"allow":["GET"]}}],"collection":[{"href":"https:\/\/www.esperidi.it\/de\/wp-json\/wp\/v2\/pages"}],"about":[{"href":"https:\/\/www.esperidi.it\/de\/wp-json\/wp\/v2\/types\/page"}],"author":[{"embeddable":true,"href":"https:\/\/www.esperidi.it\/de\/wp-json\/wp\/v2\/users\/1"}],"replies":[{"embeddable":true,"href":"https:\/\/www.esperidi.it\/de\/wp-json\/wp\/v2\/comments?post=2222"}],"version-history":[{"count":3,"href":"https:\/\/www.esperidi.it\/de\/wp-json\/wp\/v2\/pages\/2222\/revisions"}],"predecessor-version":[{"id":4341,"href":"https:\/\/www.esperidi.it\/de\/wp-json\/wp\/v2\/pages\/2222\/revisions\/4341"}],"wp:attachment":[{"href":"https:\/\/www.esperidi.it\/de\/wp-json\/wp\/v2\/media?parent=2222"}],"curies":[{"name":"wp","href":"https:\/\/api.w.org\/{rel}","templated":true}]}}